{"id":1409,"date":"2024-07-30T11:26:14","date_gmt":"2024-07-30T11:26:14","guid":{"rendered":"https:\/\/provisional.animadeba.com\/?page_id=1409"},"modified":"2024-08-23T07:58:37","modified_gmt":"2024-08-23T07:58:37","slug":"festibala","status":"publish","type":"page","link":"https:\/\/2024.animadeba.com\/es\/festibala\/","title":{"rendered":"FESTIVAL"},"content":{"rendered":"<div class=\"wpb-content-wrapper\"><div class=\"vc_row wpb_row vc_row-fluid texto_t2\"><div class=\"wpb_column vc_column_container vc_col-sm-8 vc_col-sm-offset-2\"><div class=\"vc_column-inner\"><div class=\"wpb_wrapper\">\n\t<div class=\"wpb_text_column wpb_content_element\" >\n\t\t<div class=\"wpb_wrapper\">\n\t\t\t<p style=\"text-align: center;\">Animadeba, impulsado desde su inicio por el Ayuntamiento de Deba, es el Festival Internacional de Cine de Animaci\u00f3n por excelencia. Este a\u00f1o se ha celebrado la XVI. Edici\u00f3n del 6 al 9 de Septiembre. A\u00f1o tras a\u00f1o se ha convertido una cita ineludible en el panorama de la animaci\u00f3n en el Pa\u00eds Vasco. Animadeba es un punto de encuentro entre el p\u00fablico, cineastas, profesionales de la industria y artistas.<\/p>\n\n\t\t<\/div>\n\t<\/div>\n<\/div><\/div><\/div><\/div><div class=\"vc_row wpb_row vc_row-fluid\"><div class=\"wpb_column vc_column_container vc_col-sm-8 vc_col-sm-offset-2\" id=\"ediciones_anteriores\"><div class=\"vc_column-inner\"><div class=\"wpb_wrapper\">\n\t<div class=\"wpb_video_widget wpb_content_element vc_clearfix  festi_19  vc_video-aspect-ratio-169 vc_video-el-width-100 vc_video-align-center\" >\n\t\t<div class=\"wpb_wrapper\">\n\t\t\t\n\t\t\t<div class=\"wpb_video_wrapper\"><iframe loading=\"lazy\" title=\"ANIMADEBA MAKING OF 2019\" width=\"500\" height=\"281\" src=\"https:\/\/www.youtube.com\/embed\/h8jMjh72OLI?start=22&feature=oembed\" frameborder=\"0\" allow=\"accelerometer; autoplay; clipboard-write; encrypted-media; gyroscope; picture-in-picture; web-share\" referrerpolicy=\"strict-origin-when-cross-origin\" allowfullscreen><\/iframe><\/div>\n\t\t<\/div>\n\t<\/div>\n\n\t<div class=\"wpb_video_widget wpb_content_element vc_clearfix  festi_21  vc_video-aspect-ratio-169 vc_video-el-width-100 vc_video-align-center\" >\n\t\t<div class=\"wpb_wrapper\">\n\t\t\t\n\t\t\t<div class=\"wpb_video_wrapper\"><iframe loading=\"lazy\" title=\"ANIMADEBA 2021\" width=\"500\" height=\"281\" src=\"https:\/\/www.youtube.com\/embed\/F2mDdjYQnVU?start=8&feature=oembed\" frameborder=\"0\" allow=\"accelerometer; autoplay; clipboard-write; encrypted-media; gyroscope; picture-in-picture; web-share\" referrerpolicy=\"strict-origin-when-cross-origin\" allowfullscreen><\/iframe><\/div>\n\t\t<\/div>\n\t<\/div>\n\n\t<div class=\"wpb_video_widget wpb_content_element vc_clearfix  festi_22  vc_video-aspect-ratio-169 vc_video-el-width-100 vc_video-align-center\" >\n\t\t<div class=\"wpb_wrapper\">\n\t\t\t\n\t\t\t<div class=\"wpb_video_wrapper\"><iframe loading=\"lazy\" title=\"ANIMADEBA 2022\" width=\"500\" height=\"281\" src=\"https:\/\/www.youtube.com\/embed\/2c7uijM4-L4?feature=oembed\" frameborder=\"0\" allow=\"accelerometer; autoplay; clipboard-write; encrypted-media; gyroscope; picture-in-picture; web-share\" referrerpolicy=\"strict-origin-when-cross-origin\" allowfullscreen><\/iframe><\/div>\n\t\t<\/div>\n\t<\/div>\n\n\t<div class=\"wpb_video_widget wpb_content_element vc_clearfix  festi_23  vc_video-aspect-ratio-169 vc_video-el-width-100 vc_video-align-center\" >\n\t\t<div class=\"wpb_wrapper\">\n\t\t\t\n\t\t\t<div class=\"wpb_video_wrapper\"><iframe loading=\"lazy\" title=\"ANIMADEBA 2023\" width=\"500\" height=\"281\" src=\"https:\/\/www.youtube.com\/embed\/vy-KFUI3MfY?feature=oembed\" frameborder=\"0\" allow=\"accelerometer; autoplay; clipboard-write; encrypted-media; gyroscope; picture-in-picture; web-share\" referrerpolicy=\"strict-origin-when-cross-origin\" allowfullscreen><\/iframe><\/div>\n\t\t<\/div>\n\t<\/div>\n<\/div><\/div><\/div><div class=\"wpb_column vc_column_container vc_col-sm-8 vc_col-sm-offset-2\"><div class=\"vc_column-inner\"><div class=\"wpb_wrapper\">\n\t<div class=\"wpb_text_column wpb_content_element  anos\" >\n\t\t<div class=\"wpb_wrapper\">\n\t\t\t<p style=\"text-align: center;\"><a id=\"boton_23\" href=\"#\">2023<\/a> <a id=\"boton_22\" href=\"#\">2022<\/a> <a id=\"boton_21\" href=\"#\">2021<\/a> <a id=\"boton_19\" href=\"#\">2019<\/a><\/p>\n\n\t\t<\/div>\n\t<\/div>\n<\/div><\/div><\/div><\/div><div class=\"vc_row wpb_row vc_row-fluid texto_t2\"><div class=\"wpb_column vc_column_container vc_col-sm-8 vc_col-sm-offset-2\"><div class=\"vc_column-inner\"><div class=\"wpb_wrapper\">\n\t<div class=\"wpb_text_column wpb_content_element\" >\n\t\t<div class=\"wpb_wrapper\">\n\t\t\t<p style=\"text-align: center;\">Dentro de su programaci\u00f3n destacan las pel\u00edculas de animaci\u00f3n (largometrajes y cortometrajes) para todos los p\u00fablicos. Lo completan las secciones Animadeba LAB, Work in Progress, Case study (casos de estudio), presentaciones, coloquios, talleres y actuaciones musicales. Adem\u00e1s, este a\u00f1o hemos creado el proyecto Animadeba Off, para dar nombre a las sesiones o jornadas que se celebran fuera de Deba, fuera de los d\u00edas oficiales del Festival.<\/p>\n\n\t\t<\/div>\n\t<\/div>\n<\/div><\/div><\/div><\/div><div id=\"festibala_carousel\" class=\"vc_row wpb_row vc_row-fluid\"><div class=\"wpb_column vc_column_container vc_col-sm-2\"><div class=\"vc_column-inner\"><div class=\"wpb_wrapper\">\n\t<div  class=\"wpb_single_image wpb_content_element vc_align_center\">\n\t\t\n\t\t<figure class=\"wpb_wrapper vc_figure\">\n\t\t\t<div class=\"vc_single_image-wrapper   vc_box_border_grey\"><img loading=\"lazy\" decoding=\"async\" width=\"1080\" height=\"1616\" src=\"https:\/\/2024.animadeba.com\/wp-content\/uploads\/2024\/08\/DSC01757-1.jpg\" class=\"vc_single_image-img attachment-full\" alt=\"\" title=\"DSC01757 (1)\" srcset=\"https:\/\/2024.animadeba.com\/wp-content\/uploads\/2024\/08\/DSC01757-1.jpg 1080w, https:\/\/2024.animadeba.com\/wp-content\/uploads\/2024\/08\/DSC01757-1-200x300.jpg 200w, https:\/\/2024.animadeba.com\/wp-content\/uploads\/2024\/08\/DSC01757-1-684x1024.jpg 684w, https:\/\/2024.animadeba.com\/wp-content\/uploads\/2024\/08\/DSC01757-1-768x1149.jpg 768w, https:\/\/2024.animadeba.com\/wp-content\/uploads\/2024\/08\/DSC01757-1-1027x1536.jpg 1027w, https:\/\/2024.animadeba.com\/wp-content\/uploads\/2024\/08\/DSC01757-1-8x12.jpg 8w\" sizes=\"auto, (max-width: 1080px) 100vw, 1080px\" \/><\/div>\n\t\t<\/figure>\n\t<\/div>\n<\/div><\/div><\/div><div class=\"wpb_column vc_column_container vc_col-sm-2\"><div class=\"vc_column-inner\"><div class=\"wpb_wrapper\">\n\t<div  class=\"wpb_single_image wpb_content_element vc_align_center\">\n\t\t\n\t\t<figure class=\"wpb_wrapper vc_figure\">\n\t\t\t<div class=\"vc_single_image-wrapper   vc_box_border_grey\"><img loading=\"lazy\" decoding=\"async\" width=\"1080\" height=\"1616\" src=\"https:\/\/2024.animadeba.com\/wp-content\/uploads\/2024\/08\/DSC01711-1.jpg\" class=\"vc_single_image-img attachment-full\" alt=\"\" title=\"DSC01711 (1)\" srcset=\"https:\/\/2024.animadeba.com\/wp-content\/uploads\/2024\/08\/DSC01711-1.jpg 1080w, https:\/\/2024.animadeba.com\/wp-content\/uploads\/2024\/08\/DSC01711-1-200x300.jpg 200w, https:\/\/2024.animadeba.com\/wp-content\/uploads\/2024\/08\/DSC01711-1-684x1024.jpg 684w, https:\/\/2024.animadeba.com\/wp-content\/uploads\/2024\/08\/DSC01711-1-768x1149.jpg 768w, https:\/\/2024.animadeba.com\/wp-content\/uploads\/2024\/08\/DSC01711-1-1027x1536.jpg 1027w, https:\/\/2024.animadeba.com\/wp-content\/uploads\/2024\/08\/DSC01711-1-8x12.jpg 8w\" sizes=\"auto, (max-width: 1080px) 100vw, 1080px\" \/><\/div>\n\t\t<\/figure>\n\t<\/div>\n<\/div><\/div><\/div><div class=\"wpb_column vc_column_container vc_col-sm-2\"><div class=\"vc_column-inner\"><div class=\"wpb_wrapper\">\n\t<div  class=\"wpb_single_image wpb_content_element vc_align_center\">\n\t\t\n\t\t<figure class=\"wpb_wrapper vc_figure\">\n\t\t\t<div class=\"vc_single_image-wrapper   vc_box_border_grey\"><img loading=\"lazy\" decoding=\"async\" width=\"1080\" height=\"1616\" src=\"https:\/\/2024.animadeba.com\/wp-content\/uploads\/2024\/08\/DSC01393-2.jpg\" class=\"vc_single_image-img attachment-full\" alt=\"\" title=\"DSC01393 (2)\" srcset=\"https:\/\/2024.animadeba.com\/wp-content\/uploads\/2024\/08\/DSC01393-2.jpg 1080w, https:\/\/2024.animadeba.com\/wp-content\/uploads\/2024\/08\/DSC01393-2-200x300.jpg 200w, https:\/\/2024.animadeba.com\/wp-content\/uploads\/2024\/08\/DSC01393-2-684x1024.jpg 684w, https:\/\/2024.animadeba.com\/wp-content\/uploads\/2024\/08\/DSC01393-2-768x1149.jpg 768w, https:\/\/2024.animadeba.com\/wp-content\/uploads\/2024\/08\/DSC01393-2-1027x1536.jpg 1027w, https:\/\/2024.animadeba.com\/wp-content\/uploads\/2024\/08\/DSC01393-2-8x12.jpg 8w\" sizes=\"auto, (max-width: 1080px) 100vw, 1080px\" \/><\/div>\n\t\t<\/figure>\n\t<\/div>\n<\/div><\/div><\/div><div class=\"wpb_column vc_column_container vc_col-sm-2\"><div class=\"vc_column-inner\"><div class=\"wpb_wrapper\">\n\t<div  class=\"wpb_single_image wpb_content_element vc_align_center\">\n\t\t\n\t\t<figure class=\"wpb_wrapper vc_figure\">\n\t\t\t<div class=\"vc_single_image-wrapper   vc_box_border_grey\"><img loading=\"lazy\" decoding=\"async\" width=\"1080\" height=\"1616\" src=\"https:\/\/2024.animadeba.com\/wp-content\/uploads\/2024\/08\/DSC00957-2.jpg\" class=\"vc_single_image-img attachment-full\" alt=\"\" title=\"DSC00957 (2)\" srcset=\"https:\/\/2024.animadeba.com\/wp-content\/uploads\/2024\/08\/DSC00957-2.jpg 1080w, https:\/\/2024.animadeba.com\/wp-content\/uploads\/2024\/08\/DSC00957-2-200x300.jpg 200w, https:\/\/2024.animadeba.com\/wp-content\/uploads\/2024\/08\/DSC00957-2-684x1024.jpg 684w, https:\/\/2024.animadeba.com\/wp-content\/uploads\/2024\/08\/DSC00957-2-768x1149.jpg 768w, https:\/\/2024.animadeba.com\/wp-content\/uploads\/2024\/08\/DSC00957-2-1027x1536.jpg 1027w, https:\/\/2024.animadeba.com\/wp-content\/uploads\/2024\/08\/DSC00957-2-8x12.jpg 8w\" sizes=\"auto, (max-width: 1080px) 100vw, 1080px\" \/><\/div>\n\t\t<\/figure>\n\t<\/div>\n<\/div><\/div><\/div><div class=\"wpb_column vc_column_container vc_col-sm-2\"><div class=\"vc_column-inner\"><div class=\"wpb_wrapper\">\n\t<div  class=\"wpb_single_image wpb_content_element vc_align_center\">\n\t\t\n\t\t<figure class=\"wpb_wrapper vc_figure\">\n\t\t\t<div class=\"vc_single_image-wrapper   vc_box_border_grey\"><img loading=\"lazy\" decoding=\"async\" width=\"1080\" height=\"1616\" src=\"https:\/\/2024.animadeba.com\/wp-content\/uploads\/2024\/08\/DSC01094-1.jpg\" class=\"vc_single_image-img attachment-full\" alt=\"\" title=\"DSC01094 (1)\" srcset=\"https:\/\/2024.animadeba.com\/wp-content\/uploads\/2024\/08\/DSC01094-1.jpg 1080w, https:\/\/2024.animadeba.com\/wp-content\/uploads\/2024\/08\/DSC01094-1-200x300.jpg 200w, https:\/\/2024.animadeba.com\/wp-content\/uploads\/2024\/08\/DSC01094-1-684x1024.jpg 684w, https:\/\/2024.animadeba.com\/wp-content\/uploads\/2024\/08\/DSC01094-1-768x1149.jpg 768w, https:\/\/2024.animadeba.com\/wp-content\/uploads\/2024\/08\/DSC01094-1-1027x1536.jpg 1027w, https:\/\/2024.animadeba.com\/wp-content\/uploads\/2024\/08\/DSC01094-1-8x12.jpg 8w\" sizes=\"auto, (max-width: 1080px) 100vw, 1080px\" \/><\/div>\n\t\t<\/figure>\n\t<\/div>\n<\/div><\/div><\/div><div class=\"wpb_column vc_column_container vc_col-sm-2\"><div class=\"vc_column-inner\"><div class=\"wpb_wrapper\">\n\t<div  class=\"wpb_single_image wpb_content_element vc_align_center\">\n\t\t\n\t\t<figure class=\"wpb_wrapper vc_figure\">\n\t\t\t<div class=\"vc_single_image-wrapper   vc_box_border_grey\"><img loading=\"lazy\" decoding=\"async\" width=\"1080\" height=\"1616\" src=\"https:\/\/2024.animadeba.com\/wp-content\/uploads\/2024\/08\/DSC01045-1.jpg\" class=\"vc_single_image-img attachment-full\" alt=\"\" title=\"DSC01045 (1)\" srcset=\"https:\/\/2024.animadeba.com\/wp-content\/uploads\/2024\/08\/DSC01045-1.jpg 1080w, https:\/\/2024.animadeba.com\/wp-content\/uploads\/2024\/08\/DSC01045-1-200x300.jpg 200w, https:\/\/2024.animadeba.com\/wp-content\/uploads\/2024\/08\/DSC01045-1-684x1024.jpg 684w, https:\/\/2024.animadeba.com\/wp-content\/uploads\/2024\/08\/DSC01045-1-768x1149.jpg 768w, https:\/\/2024.animadeba.com\/wp-content\/uploads\/2024\/08\/DSC01045-1-1027x1536.jpg 1027w, https:\/\/2024.animadeba.com\/wp-content\/uploads\/2024\/08\/DSC01045-1-8x12.jpg 8w\" sizes=\"auto, (max-width: 1080px) 100vw, 1080px\" \/><\/div>\n\t\t<\/figure>\n\t<\/div>\n<\/div><\/div><\/div><div class=\"wpb_column vc_column_container vc_col-sm-2\"><div class=\"vc_column-inner\"><div class=\"wpb_wrapper\">\n\t<div  class=\"wpb_single_image wpb_content_element vc_align_center\">\n\t\t\n\t\t<figure class=\"wpb_wrapper vc_figure\">\n\t\t\t<div class=\"vc_single_image-wrapper   vc_box_border_grey\"><img loading=\"lazy\" decoding=\"async\" width=\"1080\" height=\"1616\" src=\"https:\/\/2024.animadeba.com\/wp-content\/uploads\/2024\/08\/DSC01070-1.jpg\" class=\"vc_single_image-img attachment-full\" alt=\"\" title=\"DSC01070 (1)\" srcset=\"https:\/\/2024.animadeba.com\/wp-content\/uploads\/2024\/08\/DSC01070-1.jpg 1080w, https:\/\/2024.animadeba.com\/wp-content\/uploads\/2024\/08\/DSC01070-1-200x300.jpg 200w, https:\/\/2024.animadeba.com\/wp-content\/uploads\/2024\/08\/DSC01070-1-684x1024.jpg 684w, https:\/\/2024.animadeba.com\/wp-content\/uploads\/2024\/08\/DSC01070-1-768x1149.jpg 768w, https:\/\/2024.animadeba.com\/wp-content\/uploads\/2024\/08\/DSC01070-1-1027x1536.jpg 1027w, https:\/\/2024.animadeba.com\/wp-content\/uploads\/2024\/08\/DSC01070-1-8x12.jpg 8w\" sizes=\"auto, (max-width: 1080px) 100vw, 1080px\" \/><\/div>\n\t\t<\/figure>\n\t<\/div>\n<\/div><\/div><\/div><div class=\"wpb_column vc_column_container vc_col-sm-2\"><div class=\"vc_column-inner\"><div class=\"wpb_wrapper\">\n\t<div  class=\"wpb_single_image wpb_content_element vc_align_center\">\n\t\t\n\t\t<figure class=\"wpb_wrapper vc_figure\">\n\t\t\t<div class=\"vc_single_image-wrapper   vc_box_border_grey\"><img loading=\"lazy\" decoding=\"async\" width=\"1080\" height=\"1616\" src=\"https:\/\/2024.animadeba.com\/wp-content\/uploads\/2024\/08\/DSC01084-1.jpg\" class=\"vc_single_image-img attachment-full\" alt=\"\" title=\"DSC01084 (1)\" srcset=\"https:\/\/2024.animadeba.com\/wp-content\/uploads\/2024\/08\/DSC01084-1.jpg 1080w, https:\/\/2024.animadeba.com\/wp-content\/uploads\/2024\/08\/DSC01084-1-200x300.jpg 200w, https:\/\/2024.animadeba.com\/wp-content\/uploads\/2024\/08\/DSC01084-1-684x1024.jpg 684w, https:\/\/2024.animadeba.com\/wp-content\/uploads\/2024\/08\/DSC01084-1-768x1149.jpg 768w, https:\/\/2024.animadeba.com\/wp-content\/uploads\/2024\/08\/DSC01084-1-1027x1536.jpg 1027w, https:\/\/2024.animadeba.com\/wp-content\/uploads\/2024\/08\/DSC01084-1-8x12.jpg 8w\" sizes=\"auto, (max-width: 1080px) 100vw, 1080px\" \/><\/div>\n\t\t<\/figure>\n\t<\/div>\n<\/div><\/div><\/div><div class=\"wpb_column vc_column_container vc_col-sm-2\"><div class=\"vc_column-inner\"><div class=\"wpb_wrapper\">\n\t<div  class=\"wpb_single_image wpb_content_element vc_align_center\">\n\t\t\n\t\t<figure class=\"wpb_wrapper vc_figure\">\n\t\t\t<div class=\"vc_single_image-wrapper   vc_box_border_grey\"><img loading=\"lazy\" decoding=\"async\" width=\"1080\" height=\"1616\" src=\"https:\/\/2024.animadeba.com\/wp-content\/uploads\/2024\/08\/DSC01372-1.jpg\" class=\"vc_single_image-img attachment-full\" alt=\"\" title=\"DSC01372 (1)\" srcset=\"https:\/\/2024.animadeba.com\/wp-content\/uploads\/2024\/08\/DSC01372-1.jpg 1080w, https:\/\/2024.animadeba.com\/wp-content\/uploads\/2024\/08\/DSC01372-1-200x300.jpg 200w, https:\/\/2024.animadeba.com\/wp-content\/uploads\/2024\/08\/DSC01372-1-684x1024.jpg 684w, https:\/\/2024.animadeba.com\/wp-content\/uploads\/2024\/08\/DSC01372-1-768x1149.jpg 768w, https:\/\/2024.animadeba.com\/wp-content\/uploads\/2024\/08\/DSC01372-1-1027x1536.jpg 1027w, https:\/\/2024.animadeba.com\/wp-content\/uploads\/2024\/08\/DSC01372-1-8x12.jpg 8w\" sizes=\"auto, (max-width: 1080px) 100vw, 1080px\" \/><\/div>\n\t\t<\/figure>\n\t<\/div>\n<\/div><\/div><\/div><div class=\"wpb_column vc_column_container vc_col-sm-2\"><div class=\"vc_column-inner\"><div class=\"wpb_wrapper\">\n\t<div  class=\"wpb_single_image wpb_content_element vc_align_center\">\n\t\t\n\t\t<figure class=\"wpb_wrapper vc_figure\">\n\t\t\t<div class=\"vc_single_image-wrapper   vc_box_border_grey\"><img loading=\"lazy\" decoding=\"async\" width=\"1080\" height=\"1616\" src=\"https:\/\/2024.animadeba.com\/wp-content\/uploads\/2024\/08\/DSC01959-2.jpg\" class=\"vc_single_image-img attachment-full\" alt=\"\" title=\"DSC01959 (2)\" srcset=\"https:\/\/2024.animadeba.com\/wp-content\/uploads\/2024\/08\/DSC01959-2.jpg 1080w, https:\/\/2024.animadeba.com\/wp-content\/uploads\/2024\/08\/DSC01959-2-200x300.jpg 200w, https:\/\/2024.animadeba.com\/wp-content\/uploads\/2024\/08\/DSC01959-2-684x1024.jpg 684w, https:\/\/2024.animadeba.com\/wp-content\/uploads\/2024\/08\/DSC01959-2-768x1149.jpg 768w, https:\/\/2024.animadeba.com\/wp-content\/uploads\/2024\/08\/DSC01959-2-1027x1536.jpg 1027w, https:\/\/2024.animadeba.com\/wp-content\/uploads\/2024\/08\/DSC01959-2-8x12.jpg 8w\" sizes=\"auto, (max-width: 1080px) 100vw, 1080px\" \/><\/div>\n\t\t<\/figure>\n\t<\/div>\n<\/div><\/div><\/div><div class=\"wpb_column vc_column_container vc_col-sm-2\"><div class=\"vc_column-inner\"><div class=\"wpb_wrapper\">\n\t<div  class=\"wpb_single_image wpb_content_element vc_align_center\">\n\t\t\n\t\t<figure class=\"wpb_wrapper vc_figure\">\n\t\t\t<div class=\"vc_single_image-wrapper   vc_box_border_grey\"><img loading=\"lazy\" decoding=\"async\" width=\"1080\" height=\"1616\" src=\"https:\/\/2024.animadeba.com\/wp-content\/uploads\/2024\/08\/DSC01101-2.jpg\" class=\"vc_single_image-img attachment-full\" alt=\"\" title=\"DSC01101 (2)\" srcset=\"https:\/\/2024.animadeba.com\/wp-content\/uploads\/2024\/08\/DSC01101-2.jpg 1080w, https:\/\/2024.animadeba.com\/wp-content\/uploads\/2024\/08\/DSC01101-2-200x300.jpg 200w, https:\/\/2024.animadeba.com\/wp-content\/uploads\/2024\/08\/DSC01101-2-684x1024.jpg 684w, https:\/\/2024.animadeba.com\/wp-content\/uploads\/2024\/08\/DSC01101-2-768x1149.jpg 768w, https:\/\/2024.animadeba.com\/wp-content\/uploads\/2024\/08\/DSC01101-2-1027x1536.jpg 1027w, https:\/\/2024.animadeba.com\/wp-content\/uploads\/2024\/08\/DSC01101-2-8x12.jpg 8w\" sizes=\"auto, (max-width: 1080px) 100vw, 1080px\" \/><\/div>\n\t\t<\/figure>\n\t<\/div>\n<\/div><\/div><\/div><div class=\"wpb_column vc_column_container vc_col-sm-2\"><div class=\"vc_column-inner\"><div class=\"wpb_wrapper\">\n\t<div  class=\"wpb_single_image wpb_content_element vc_align_center\">\n\t\t\n\t\t<figure class=\"wpb_wrapper vc_figure\">\n\t\t\t<div class=\"vc_single_image-wrapper   vc_box_border_grey\"><img loading=\"lazy\" decoding=\"async\" width=\"1080\" height=\"1616\" src=\"https:\/\/2024.animadeba.com\/wp-content\/uploads\/2024\/08\/DSC01054-2.jpg\" class=\"vc_single_image-img attachment-full\" alt=\"\" title=\"DSC01054 (2)\" srcset=\"https:\/\/2024.animadeba.com\/wp-content\/uploads\/2024\/08\/DSC01054-2.jpg 1080w, https:\/\/2024.animadeba.com\/wp-content\/uploads\/2024\/08\/DSC01054-2-200x300.jpg 200w, https:\/\/2024.animadeba.com\/wp-content\/uploads\/2024\/08\/DSC01054-2-684x1024.jpg 684w, https:\/\/2024.animadeba.com\/wp-content\/uploads\/2024\/08\/DSC01054-2-768x1149.jpg 768w, https:\/\/2024.animadeba.com\/wp-content\/uploads\/2024\/08\/DSC01054-2-1027x1536.jpg 1027w, https:\/\/2024.animadeba.com\/wp-content\/uploads\/2024\/08\/DSC01054-2-8x12.jpg 8w\" sizes=\"auto, (max-width: 1080px) 100vw, 1080px\" \/><\/div>\n\t\t<\/figure>\n\t<\/div>\n<\/div><\/div><\/div><\/div><div class=\"vc_row wpb_row vc_row-fluid texto_t2\"><div class=\"wpb_column vc_column_container vc_col-sm-8 vc_col-sm-offset-2\"><div class=\"vc_column-inner\"><div class=\"wpb_wrapper\">\n\t<div class=\"wpb_text_column wpb_content_element\" >\n\t\t<div class=\"wpb_wrapper\">\n\t\t\t<p style=\"text-align: center;\">Equipo dedicado durante todo el a\u00f1o al desarrollo del festival.<\/p>\n\n\t\t<\/div>\n\t<\/div>\n<\/div><\/div><\/div><\/div><div class=\"vc_row wpb_row vc_row-fluid\"><div class=\"texto_t2 wpb_column vc_column_container vc_col-sm-12\"><div class=\"vc_column-inner\"><div class=\"wpb_wrapper\">\n\t<div class=\"wpb_text_column wpb_content_element\" >\n\t\t<div class=\"wpb_wrapper\">\n\t\t\t<p>EQUIPO<\/p>\n\n\t\t<\/div>\n\t<\/div>\n<\/div><\/div><\/div><div class=\"wpb_column vc_column_container vc_col-sm-3\"><div class=\"vc_column-inner\"><div class=\"wpb_wrapper\">\n\t<div class=\"wpb_text_column wpb_content_element\" >\n\t\t<div class=\"wpb_wrapper\">\n\t\t\t<p>DIRECTOR<\/p>\n<p>&nbsp;<\/p>\n<p>Aitor O\u00f1ederra<br \/>\nDirector<br \/>\naitor@animadeba.com<\/p>\n\n\t\t<\/div>\n\t<\/div>\n<\/div><\/div><\/div><div class=\"wpb_column vc_column_container vc_col-sm-3\"><div class=\"vc_column-inner\"><div class=\"wpb_wrapper\">\n\t<div class=\"wpb_text_column wpb_content_element\" >\n\t\t<div class=\"wpb_wrapper\">\n\t\t\t<p>PRODUCCI\u00d3N<\/p>\n<p>&nbsp;<\/p>\n<p>Marisol Gil<br \/>\nDirectora de Producci\u00f3n<br \/>\nmarisol@animadeba.com<\/p>\n<p>&nbsp;<\/p>\n<p>Miren Izagirre<br \/>\nInvitados<br \/>\nmiren@animadeba.com<\/p>\n<p>&nbsp;<\/p>\n<p>Raimundo Amutxastegi<br \/>\nJefe de Producci\u00f3n<br \/>\nraimundo@animadeba.com<\/p>\n<p>&nbsp;<\/p>\n<p>Marta Merino<br \/>\nAuxiliar de Producci\u00f3n<\/p>\n\n\t\t<\/div>\n\t<\/div>\n<\/div><\/div><\/div><div class=\"wpb_column vc_column_container vc_col-sm-3\"><div class=\"vc_column-inner\"><div class=\"wpb_wrapper\">\n\t<div class=\"wpb_text_column wpb_content_element\" >\n\t\t<div class=\"wpb_wrapper\">\n\t\t\t<p>COMUNICACI\u00d3N<\/p>\n<p>&nbsp;<\/p>\n<p>Jon Amutxastegi<br \/>\nDirector de Comunicaci\u00f3n<br \/>\njon@animadeba.com<\/p>\n<p>&nbsp;<\/p>\n<p>Nere Oria<br \/>\nDirectora de Arte<br \/>\nnere@animadeba.com<\/p>\n<p>&nbsp;<\/p>\n<p>Irati Albizu<br \/>\nRedes Sociales<br \/>\nirati@animadeba.com<\/p>\n<p>&nbsp;<\/p>\n<p>Oihane Castillo<br \/>\nAuxiliar de Dise\u00f1o Gr\u00e1fico<\/p>\n\n\t\t<\/div>\n\t<\/div>\n<\/div><\/div><\/div><div class=\"wpb_column vc_column_container vc_col-sm-3\"><div class=\"vc_column-inner\"><div class=\"wpb_wrapper\">\n\t<div class=\"wpb_text_column wpb_content_element\" >\n\t\t<div class=\"wpb_wrapper\">\n\t\t\t<p>AYUDANTES<\/p>\n<p>&nbsp;<\/p>\n<p>Izibene O\u00f1ederra y Emilio de la Rosa<br \/>\nProgramaci\u00f3n de Cortometrajes<\/p>\n<p>&nbsp;<\/p>\n<p>Javier Ucar y Kote Camacho<br \/>\nResponsables de Animadeba Lab<\/p>\n\n\t\t<\/div>\n\t<\/div>\n<\/div><\/div><\/div><\/div>\n<\/div>","protected":false},"excerpt":{"rendered":"Animadeba, Nazioarteko Animaziozko Zinemaldiak, Debako Udalak hasieratik bultzatua, babesa irabazi du urtez urte, eta ezinbesteko hitzordua bihurtu da animazioaren panoraman Euskal Herrian. Animadeba ikusleen, zinemagileen, industriako profesionalen eta artisten arteko topagunea da. 2023 2022 2021 2019 Programazioaren barruan, publiko guztiarentzako animaziozko filmak (film luzeak eta laburrak) nabarmentzen dira. Atal hauek osatzen dute: Animadeba LAB, Work in Progress, Case Study (kasu-azterketak), aurkezpenak, solasaldiak, tailerrak eta musika-emanaldiak. Gainera, aurten Animadeba OFF, pantaila irekia sortu dugu, Zinemaldiaren egun ofizialetatik kanpo Debatik kanpo egiten diren saio edo jardunaldiei izena emateko. Festibala aurrera eramateko urte osoan lanean burubelarri ibiltzen den lantaldea TALDEA ZUZENDARIA &nbsp; Aitor O\u00f1ederra Zuzendaria aitor@animadeba.com PRODUKZIOA &nbsp; Marisol Gil Produkzio Zuzendaria marisol@animadeba.com &nbsp; Miren Izagirre Gonbidatuak miren@animadeba.com &nbsp; Raimundo Amutxastegi Produkzio Burua raimundo@animadeba.com &nbsp; Marta Merino Produkzio Auxiliarra KOMUNIKAZIOA &nbsp; Jon Amutxastegi Komunikazio Zuzendaria jon@animadeba.com &nbsp; Nere Oria Arte Zuzendaria nere@animadeba.com &nbsp; Irati Albizu Sare Sozialak irati@animadeba.com &nbsp; Oihane Castillo Diseinu Grafiko Auxiliarra LAGUNTZAILEAK &nbsp; Izibene O\u00f1ederra eta Emilio de la Rosa Film Laburren Programazioa &nbsp; Javier Ucar eta Kote Camacho Animadeba Lab Arduradunak","protected":false},"author":1,"featured_media":0,"parent":0,"menu_order":0,"comment_status":"closed","ping_status":"closed","template":"","meta":{"_acf_changed":false,"footnotes":""},"class_list":["post-1409","page","type-page","status-publish","hentry"],"acf":[],"_links":{"self":[{"href":"https:\/\/2024.animadeba.com\/es\/wp-json\/wp\/v2\/pages\/1409","targetHints":{"allow":["GET"]}}],"collection":[{"href":"https:\/\/2024.animadeba.com\/es\/wp-json\/wp\/v2\/pages"}],"about":[{"href":"https:\/\/2024.animadeba.com\/es\/wp-json\/wp\/v2\/types\/page"}],"author":[{"embeddable":true,"href":"https:\/\/2024.animadeba.com\/es\/wp-json\/wp\/v2\/users\/1"}],"replies":[{"embeddable":true,"href":"https:\/\/2024.animadeba.com\/es\/wp-json\/wp\/v2\/comments?post=1409"}],"version-history":[{"count":35,"href":"https:\/\/2024.animadeba.com\/es\/wp-json\/wp\/v2\/pages\/1409\/revisions"}],"predecessor-version":[{"id":1437,"href":"https:\/\/2024.animadeba.com\/es\/wp-json\/wp\/v2\/pages\/1409\/revisions\/1437"}],"wp:attachment":[{"href":"https:\/\/2024.animadeba.com\/es\/wp-json\/wp\/v2\/media?parent=1409"}],"curies":[{"name":"wp","href":"https:\/\/api.w.org\/{rel}","templated":true}]}}