{"id":9,"date":"2021-08-10T09:02:37","date_gmt":"2021-08-10T09:02:37","guid":{"rendered":"https:\/\/animadeba.com\/?page_id=9"},"modified":"2023-08-25T09:04:20","modified_gmt":"2023-08-25T09:04:20","slug":"home","status":"publish","type":"page","link":"https:\/\/2024.animadeba.com\/es\/","title":{"rendered":"Home"},"content":{"rendered":"<div class=\"wpb-content-wrapper\"><div class=\"vc_row wpb_row vc_row-fluid\"><div class=\"wpb_column vc_column_container vc_col-sm-12\"><div class=\"vc_column-inner\"><div class=\"wpb_wrapper\">\n\t<div class=\"wpb_text_column wpb_content_element\" >\n\t\t<div class=\"wpb_wrapper\">\n\t\t\t<p>Animadeba, el Festival Internacional de Cine de Animaci\u00f3n celebra su 16\u00aa edici\u00f3n del 6-9 de Septiembre 2023. Impulsado desde su inicio por el Ayuntamiento de Deba, ha ido ganando apoyos a\u00f1o tras a\u00f1o, hasta convertirse en una cita ineludible dentro del panorama de la animaci\u00f3n en el Pa\u00eds Vasco.<\/p>\n\n\t\t<\/div>\n\t<\/div>\n\n\t<div class=\"wpb_text_column wpb_content_element\" >\n\t\t<div class=\"wpb_wrapper\">\n\t\t\t<p>Dentro de la programaci\u00f3n encontrar\u00e1s pel\u00edculas de animaci\u00f3n (largometrajes y cortometrajes) para ni\u00f1os y adultos.\u00a0<a href=\"https:\/\/animadeba.com\/work-in-progress\">Work in Progress<\/a>\u00a0En la secci\u00f3n podr\u00e1s seguir las presentaciones de cortometrajes y series de animaci\u00f3n en fase embrionaria o en desarrollo.\u00a0<a href=\"https:\/\/animadeba.com\/seccion\/kasu-azterketa\">Case Study<\/a>\u00a0, por su parte, es un espacio dedicado a los largometrajes y videojuegos casi finalizados, a\u00fan por publicar.<\/p>\n\n\t\t<\/div>\n\t<\/div>\n\n\t<div class=\"wpb_text_column wpb_content_element\" >\n\t\t<div class=\"wpb_wrapper\">\n\t\t\t<p><a href=\"https:\/\/animadeba.com\/animadeba-lab\">Animadeba Lab<\/a>, son talleres y charlas sobre tecnolog\u00edas aplicadas a la animaci\u00f3n. Es un laboratorio para experimentar nuevas v\u00edas de la animaci\u00f3n. En ella pueden participar profesionales, amateurs y aficionados.<\/p>\n\n\t\t<\/div>\n\t<\/div>\n<\/div><\/div><\/div><\/div><div class=\"vc_row wpb_row vc_row-fluid\"><div class=\"wpb_column vc_column_container vc_col-sm-12\"><div class=\"vc_column-inner\"><div class=\"wpb_wrapper\">\n\t<div class=\"wpb_video_widget wpb_content_element vc_clearfix   vc_video-aspect-ratio-169 vc_video-el-width-100 vc_video-align-center\" >\n\t\t<div class=\"wpb_wrapper\">\n\t\t\t\n\t\t\t<div class=\"wpb_video_wrapper\"><iframe loading=\"lazy\" title=\"ANIMADEBA 2022\" width=\"500\" height=\"281\" src=\"https:\/\/www.youtube.com\/embed\/2c7uijM4-L4?start=17&feature=oembed\" frameborder=\"0\" allow=\"accelerometer; autoplay; clipboard-write; encrypted-media; gyroscope; picture-in-picture; web-share\" referrerpolicy=\"strict-origin-when-cross-origin\" allowfullscreen><\/iframe><\/div>\n\t\t<\/div>\n\t<\/div>\n<\/div><\/div><\/div><\/div>\n<\/div>","protected":false},"excerpt":{"rendered":"Animadeba, Animazioko Zinemaren Nazioarteko Jaialdiak 16. Edizioa ospatuko du 2023ko irailaren 6tik 9era. Debako Udalak hasieratik bultzatu du, eta urtez urte gero eta babes handiagoa lortu du, Euskal Herriko animazioaren panoraman ezinbesteko hitzordu bihurtu arte. Programazioaren barruan haur eta helduentzako animaziozko filmak (film luzeak eta film laburrak) aurkituko dituzu.\u00a0Work in Progress\u00a0Sailean, enbrioi fasean edo garapenean dauden animaziozko film labur eta telesailen aurkezpenak jarraitzeko aukera izango duzu.\u00a0Case Study\u00a0Saila, berriz, ia amaituak dauden film luzeak eta bideojokoei zuzendutako gunea da. Animadeba Lab, animazioari aplikatutako teknologiei buruzko tailerrak eta hitzaldiak dira. Animazioaren bide berriak esperimentatzeko laborategia da.","protected":false},"author":1,"featured_media":0,"parent":0,"menu_order":0,"comment_status":"closed","ping_status":"closed","template":"page-home.php","meta":{"_acf_changed":false,"footnotes":""},"class_list":["post-9","page","type-page","status-publish","hentry"],"acf":[],"_links":{"self":[{"href":"https:\/\/2024.animadeba.com\/es\/wp-json\/wp\/v2\/pages\/9","targetHints":{"allow":["GET"]}}],"collection":[{"href":"https:\/\/2024.animadeba.com\/es\/wp-json\/wp\/v2\/pages"}],"about":[{"href":"https:\/\/2024.animadeba.com\/es\/wp-json\/wp\/v2\/types\/page"}],"author":[{"embeddable":true,"href":"https:\/\/2024.animadeba.com\/es\/wp-json\/wp\/v2\/users\/1"}],"replies":[{"embeddable":true,"href":"https:\/\/2024.animadeba.com\/es\/wp-json\/wp\/v2\/comments?post=9"}],"version-history":[{"count":6,"href":"https:\/\/2024.animadeba.com\/es\/wp-json\/wp\/v2\/pages\/9\/revisions"}],"predecessor-version":[{"id":1372,"href":"https:\/\/2024.animadeba.com\/es\/wp-json\/wp\/v2\/pages\/9\/revisions\/1372"}],"wp:attachment":[{"href":"https:\/\/2024.animadeba.com\/es\/wp-json\/wp\/v2\/media?parent=9"}],"curies":[{"name":"wp","href":"https:\/\/api.w.org\/{rel}","templated":true}]}}